{"id":336,"date":"2017-02-17T10:12:43","date_gmt":"2017-02-17T09:12:43","guid":{"rendered":"http:\/\/s844610071.online.de\/impressum\/"},"modified":"2020-10-14T13:55:11","modified_gmt":"2020-10-14T11:55:11","slug":"imprint","status":"publish","type":"page","link":"https:\/\/www.sib-engineering.de\/en\/imprint\/","title":{"rendered":"Imprint"},"content":{"rendered":"<p style=\"text-align: left;\"><strong>Gesch\u00e4ftsf\u00fchrende Gesellschafter<br \/>\n<\/strong>Jewgeni Strojew, Yury Stasyuk<br \/>\nSIB-Engineering GmbH<br \/>\nKonsul-Smidt-Stra\u00dfe 90<br \/>\n28217 Bremen<\/p>\n<p style=\"text-align: left;\"><strong>Kontakt<br \/>\n<\/strong>Telefon: +49(0)421 685 418 28<br \/>\nE-Mail: info@sib-engineering.de<\/p>\n<p>&nbsp;<\/p>\n<p style=\"text-align: left;\"><strong>VAT No.<br \/>\n<\/strong>DE306938982<\/p>\n<p><strong>Board of Trade<br \/>\n<\/strong>Bremen<\/p>\n<p><strong>Commercial Register No.<br \/>\n<\/strong>HRB 31447 HB<\/p>\n<p><strong>Legal Domicile<br \/>\n<\/strong>Bremen<\/p>\n<p><strong>Bank Account<br \/>\n<\/strong>Deutsche Bank<br \/>\nIBAN DE44 2907 0024 0328 4809 00<br \/>\nBIC DEUTDEDBBRE<\/p>\n<p>&nbsp;<\/p>\n<p><strong>Webdesign &amp; Programmierung:<\/strong><br \/>\n<a href=\"https:\/\/www.homepage-bremen.de\" target=\"_blank\" rel=\"noopener noreferrer\">Tako Deppe \u2013 Webdesign Bremen<\/a><\/p>\n<p>&nbsp;<\/p>\n<p><strong>Liability for contents<\/strong><\/p>\n<p><strong>Please note that the liability for contents is only available in German.<\/strong><\/p>\n<p>Als Diensteanbieter sind wir gem\u00e4\u00df \u00a7 7 Abs.1 TMG f\u00fcr eigene Inhalte auf diesen Seiten nach den allgemeinen Gesetzen verantwortlich. Nach \u00a7\u00a7 8 bis 10 TMG sind wir als Diensteanbieter jedoch nicht verpflichtet, \u00fcbermittelte oder gespeicherte fremde Informationen zu \u00fcberwachen oder nach Umst\u00e4nden zu forschen, die auf eine rechtswidrige T\u00e4tigkeit hinweisen. Verpflichtungen zur Entfernung oder Sperrung der Nutzung von Informationen nach den allgemeinen Gesetzen bleiben hiervon unber\u00fchrt. Eine diesbez\u00fcgliche Haftung ist jedoch erst ab dem Zeitpunkt der Kenntnis einer konkreten Rechtsverletzung m\u00f6glich. Bei Bekanntwerden von entsprechenden Rechtsverletzungen werden wir diese Inhalte umgehend entfernen.<\/p>\n<p>&nbsp;<\/p>\n<p><strong>Liability for links<\/strong><\/p>\n<p><strong>Please note that the liability for links is only available in German.<\/strong><\/p>\n<p>Unser Angebot enth\u00e4lt Links zu externen Webseiten Dritter, auf deren Inhalte wir keinen Einfluss haben. Deshalb k\u00f6nnen wir f\u00fcr diese fremden Inhalte auch keine Gew\u00e4hr \u00fcbernehmen. F\u00fcr die Inhalte der verlinkten Seiten ist stets der jeweilige Anbieter oder Betreiber der Seiten verantwortlich. Die verlinkten Seiten wurden zum Zeitpunkt der Verlinkung auf m\u00f6gliche Rechtsverst\u00f6\u00dfe \u00fcberpr\u00fcft. Rechtswidrige Inhalte waren zum Zeitpunkt der Verlinkung nicht erkennbar. Eine permanente inhaltliche Kontrolle der verlinkten Seiten ist jedoch ohne konkrete Anhaltspunkte einer Rechtsverletzung nicht zumutbar. Bei Bekanntwerden von Rechtsverletzungen werden wir derartige Links umgehend entfernen.<\/p>\n<p>&nbsp;<\/p>\n<p><strong>Copyright<\/strong><\/p>\n<p><strong>Please note that the copyright statement is only available in German.<\/strong><\/p>\n<p>Die durch die Seitenbetreiber erstellten Inhalte und Werke auf diesen Seiten unterliegen dem deutschen Urheberrecht. Die Vervielf\u00e4ltigung, Bearbeitung, Verbreitung und jede Art der Verwertung au\u00dferhalb der Grenzen des Urheberrechtes bed\u00fcrfen der schriftlichen Zustimmung des jeweiligen Autors bzw. Erstellers. Downloads und Kopien dieser Seite sind nur f\u00fcr den privaten, nicht kommerziellen Gebrauch gestattet. Soweit die Inhalte auf dieser Seite nicht vom Betreiber erstellt wurden, werden die Urheberrechte Dritter beachtet. Insbesondere werden Inhalte Dritter als solche gekennzeichnet. Sollten Sie trotzdem auf eine Urheberrechtsverletzung aufmerksam werden, bitten wir um einen entsprechenden Hinweis. Bei Bekanntwerden von Rechtsverletzungen werden wir derartige Inhalte umgehend entfernen.<\/p>\n<p>&nbsp;<\/p>\n<pre>Source for disclaimer: https:\/\/www.e-recht24.de\r\n<\/pre>\n<pre>Source for images: https:\/\/www.bigstock.com, \r\n<\/pre>\n<pre>                   https:\/\/www.freeuse.io\r\n<\/pre>\n","protected":false},"excerpt":{"rendered":"<p>Gesch\u00e4ftsf\u00fchrende Gesellschafter Jewgeni Strojew, Yury Stasyuk SIB-Engineering GmbH Konsul-Smidt-Stra\u00dfe 90 28217 Bremen Kontakt Telefon: +49(0)421 685 418 28 E-Mail: info@sib-engineering.de &nbsp; VAT No. DE306938982 Board of Trade Bremen Commercial Register No. HRB 31447 HB Legal Domicile Bremen Bank Account Deutsche Bank IBAN DE44 2907 0024 0328 4809 00 BIC DEUTDEDBBRE &nbsp; Webdesign &amp; Programmierung: Tako [&hellip;]<\/p>\n","protected":false},"author":1,"featured_media":0,"parent":0,"menu_order":34,"comment_status":"closed","ping_status":"closed","template":"","meta":{"footnotes":""},"class_list":["post-336","page","type-page","status-publish","hentry"],"yoast_head":"<!-- This site is optimized with the Yoast SEO plugin v24.7 - https:\/\/yoast.com\/wordpress\/plugins\/seo\/ -->\n<title>Imprint - SIB-Engineering GmbH<\/title>\n<meta name=\"robots\" content=\"index, follow, max-snippet:-1, max-image-preview:large, max-video-preview:-1\" \/>\n<link rel=\"canonical\" href=\"https:\/\/www.sib-engineering.de\/en\/imprint\/\" \/>\n<meta property=\"og:locale\" content=\"en_US\" \/>\n<meta property=\"og:type\" content=\"article\" \/>\n<meta property=\"og:title\" content=\"Imprint - SIB-Engineering GmbH\" \/>\n<meta property=\"og:description\" content=\"Gesch\u00e4ftsf\u00fchrende Gesellschafter Jewgeni Strojew, Yury Stasyuk SIB-Engineering GmbH Konsul-Smidt-Stra\u00dfe 90 28217 Bremen Kontakt Telefon: +49(0)421 685 418 28 E-Mail: info@sib-engineering.de &nbsp; VAT No. DE306938982 Board of Trade Bremen Commercial Register No. HRB 31447 HB Legal Domicile Bremen Bank Account Deutsche Bank IBAN DE44 2907 0024 0328 4809 00 BIC DEUTDEDBBRE &nbsp; Webdesign &amp; Programmierung: Tako [&hellip;]\" \/>\n<meta property=\"og:url\" content=\"https:\/\/www.sib-engineering.de\/en\/imprint\/\" \/>\n<meta property=\"og:site_name\" content=\"SIB-Engineering GmbH\" \/>\n<meta property=\"article:modified_time\" content=\"2020-10-14T11:55:11+00:00\" \/>\n<meta name=\"twitter:card\" content=\"summary_large_image\" \/>\n<meta name=\"twitter:label1\" content=\"Est. reading time\" \/>\n\t<meta name=\"twitter:data1\" content=\"2 minutes\" \/>\n<script type=\"application\/ld+json\" class=\"yoast-schema-graph\">{\"@context\":\"https:\/\/schema.org\",\"@graph\":[{\"@type\":\"WebPage\",\"@id\":\"https:\/\/www.sib-engineering.de\/en\/imprint\/\",\"url\":\"https:\/\/www.sib-engineering.de\/en\/imprint\/\",\"name\":\"Imprint - SIB-Engineering GmbH\",\"isPartOf\":{\"@id\":\"https:\/\/www.sib-engineering.de\/en\/#website\"},\"datePublished\":\"2017-02-17T09:12:43+00:00\",\"dateModified\":\"2020-10-14T11:55:11+00:00\",\"breadcrumb\":{\"@id\":\"https:\/\/www.sib-engineering.de\/en\/imprint\/#breadcrumb\"},\"inLanguage\":\"en-US\",\"potentialAction\":[{\"@type\":\"ReadAction\",\"target\":[\"https:\/\/www.sib-engineering.de\/en\/imprint\/\"]}]},{\"@type\":\"BreadcrumbList\",\"@id\":\"https:\/\/www.sib-engineering.de\/en\/imprint\/#breadcrumb\",\"itemListElement\":[{\"@type\":\"ListItem\",\"position\":1,\"name\":\"Startseite\",\"item\":\"https:\/\/www.sib-engineering.de\/en\/\"},{\"@type\":\"ListItem\",\"position\":2,\"name\":\"Imprint\"}]},{\"@type\":\"WebSite\",\"@id\":\"https:\/\/www.sib-engineering.de\/en\/#website\",\"url\":\"https:\/\/www.sib-engineering.de\/en\/\",\"name\":\"SIB-Engineering GmbH\",\"description\":\"\",\"potentialAction\":[{\"@type\":\"SearchAction\",\"target\":{\"@type\":\"EntryPoint\",\"urlTemplate\":\"https:\/\/www.sib-engineering.de\/en\/?s={search_term_string}\"},\"query-input\":{\"@type\":\"PropertyValueSpecification\",\"valueRequired\":true,\"valueName\":\"search_term_string\"}}],\"inLanguage\":\"en-US\"}]}<\/script>\n<!-- \/ Yoast SEO plugin. -->","yoast_head_json":{"title":"Imprint - SIB-Engineering GmbH","robots":{"index":"index","follow":"follow","max-snippet":"max-snippet:-1","max-image-preview":"max-image-preview:large","max-video-preview":"max-video-preview:-1"},"canonical":"https:\/\/www.sib-engineering.de\/en\/imprint\/","og_locale":"en_US","og_type":"article","og_title":"Imprint - SIB-Engineering GmbH","og_description":"Gesch\u00e4ftsf\u00fchrende Gesellschafter Jewgeni Strojew, Yury Stasyuk SIB-Engineering GmbH Konsul-Smidt-Stra\u00dfe 90 28217 Bremen Kontakt Telefon: +49(0)421 685 418 28 E-Mail: info@sib-engineering.de &nbsp; VAT No. DE306938982 Board of Trade Bremen Commercial Register No. HRB 31447 HB Legal Domicile Bremen Bank Account Deutsche Bank IBAN DE44 2907 0024 0328 4809 00 BIC DEUTDEDBBRE &nbsp; Webdesign &amp; Programmierung: Tako [&hellip;]","og_url":"https:\/\/www.sib-engineering.de\/en\/imprint\/","og_site_name":"SIB-Engineering GmbH","article_modified_time":"2020-10-14T11:55:11+00:00","twitter_card":"summary_large_image","twitter_misc":{"Est. reading time":"2 minutes"},"schema":{"@context":"https:\/\/schema.org","@graph":[{"@type":"WebPage","@id":"https:\/\/www.sib-engineering.de\/en\/imprint\/","url":"https:\/\/www.sib-engineering.de\/en\/imprint\/","name":"Imprint - SIB-Engineering GmbH","isPartOf":{"@id":"https:\/\/www.sib-engineering.de\/en\/#website"},"datePublished":"2017-02-17T09:12:43+00:00","dateModified":"2020-10-14T11:55:11+00:00","breadcrumb":{"@id":"https:\/\/www.sib-engineering.de\/en\/imprint\/#breadcrumb"},"inLanguage":"en-US","potentialAction":[{"@type":"ReadAction","target":["https:\/\/www.sib-engineering.de\/en\/imprint\/"]}]},{"@type":"BreadcrumbList","@id":"https:\/\/www.sib-engineering.de\/en\/imprint\/#breadcrumb","itemListElement":[{"@type":"ListItem","position":1,"name":"Startseite","item":"https:\/\/www.sib-engineering.de\/en\/"},{"@type":"ListItem","position":2,"name":"Imprint"}]},{"@type":"WebSite","@id":"https:\/\/www.sib-engineering.de\/en\/#website","url":"https:\/\/www.sib-engineering.de\/en\/","name":"SIB-Engineering GmbH","description":"","potentialAction":[{"@type":"SearchAction","target":{"@type":"EntryPoint","urlTemplate":"https:\/\/www.sib-engineering.de\/en\/?s={search_term_string}"},"query-input":{"@type":"PropertyValueSpecification","valueRequired":true,"valueName":"search_term_string"}}],"inLanguage":"en-US"}]}},"_links":{"self":[{"href":"https:\/\/www.sib-engineering.de\/en\/wp-json\/wp\/v2\/pages\/336","targetHints":{"allow":["GET"]}}],"collection":[{"href":"https:\/\/www.sib-engineering.de\/en\/wp-json\/wp\/v2\/pages"}],"about":[{"href":"https:\/\/www.sib-engineering.de\/en\/wp-json\/wp\/v2\/types\/page"}],"author":[{"embeddable":true,"href":"https:\/\/www.sib-engineering.de\/en\/wp-json\/wp\/v2\/users\/1"}],"replies":[{"embeddable":true,"href":"https:\/\/www.sib-engineering.de\/en\/wp-json\/wp\/v2\/comments?post=336"}],"version-history":[{"count":0,"href":"https:\/\/www.sib-engineering.de\/en\/wp-json\/wp\/v2\/pages\/336\/revisions"}],"wp:attachment":[{"href":"https:\/\/www.sib-engineering.de\/en\/wp-json\/wp\/v2\/media?parent=336"}],"curies":[{"name":"wp","href":"https:\/\/api.w.org\/{rel}","templated":true}]}}